{"id":447,"date":"2025-07-04T09:45:07","date_gmt":"2025-07-04T09:45:07","guid":{"rendered":"https:\/\/www.aeternum.life\/hp"},"modified":"2026-03-10T09:36:33","modified_gmt":"2026-03-10T09:36:33","slug":"hp","status":"publish","type":"page","link":"https:\/\/www.aeternum.life\/en\/hp","title":{"rendered":"HP"},"content":{"rendered":"<style>.elementor-447 .elementor-element.elementor-element-1660ad3{--display:flex;--min-height:100vh;--flex-direction:column;--container-widget-width:calc( ( 1 - var( --container-widget-flex-grow ) ) * 100% );--container-widget-height:initial;--container-widget-flex-grow:0;--container-widget-align-self:initial;--flex-wrap-mobile:wrap;--justify-content:center;--align-items:center;--overlay-opacity:0.6;}.elementor-447 .elementor-element.elementor-element-1660ad3:not(.elementor-motion-effects-element-type-background), .elementor-447 .elementor-element.elementor-element-1660ad3 > .elementor-motion-effects-container > .elementor-motion-effects-layer{background-image:url(\"https:\/\/www.aeternum.life\/wp-content\/uploads\/2025\/11\/aeternum_back-1.png\");background-position:center center;background-repeat:no-repeat;background-size:cover;}.elementor-447 .elementor-element.elementor-element-1660ad3::before, .elementor-447 .elementor-element.elementor-element-1660ad3 > .elementor-background-video-container::before, .elementor-447 .elementor-element.elementor-element-1660ad3 > .e-con-inner > .elementor-background-video-container::before, .elementor-447 .elementor-element.elementor-element-1660ad3 > .elementor-background-slideshow::before, .elementor-447 .elementor-element.elementor-element-1660ad3 > .e-con-inner > .elementor-background-slideshow::before, .elementor-447 .elementor-element.elementor-element-1660ad3 > .elementor-motion-effects-container > .elementor-motion-effects-layer::before{background-color:#000000;--background-overlay:'';}.elementor-447 .elementor-element.elementor-element-edf9ce7 img{width:250px;}.elementor-447 .elementor-element.elementor-element-50e685b{--display:flex;--position:absolute;--flex-direction:row;--container-widget-width:initial;--container-widget-height:100%;--container-widget-flex-grow:1;--container-widget-align-self:stretch;--flex-wrap-mobile:wrap;--justify-content:center;--gap:50px 50px;--row-gap:50px;--column-gap:50px;--padding-top:0%;--padding-bottom:2%;--padding-left:5%;--padding-right:5%;bottom:0px;}body:not(.rtl) .elementor-447 .elementor-element.elementor-element-50e685b{left:0px;}body.rtl .elementor-447 .elementor-element.elementor-element-50e685b{right:0px;}.elementor-447 .elementor-element.elementor-element-f1b510a .elementor-button{background-color:#00000033;font-family:\"PT Sans\", Sans-serif;font-size:18px;font-weight:bold;border-style:solid;border-width:1px 1px 1px 1px;border-color:#FFFFFF;border-radius:50px 50px 50px 50px;}.elementor-447 .elementor-element.elementor-element-16eafbe .elementor-button{background-color:#00000033;font-family:\"PT Sans\", Sans-serif;font-size:18px;font-weight:bold;border-style:solid;border-width:1px 1px 1px 1px;border-color:#FFFFFF;border-radius:50px 50px 50px 50px;}.elementor-447 .elementor-element.elementor-element-2962d63{--display:flex;--position:absolute;--flex-direction:row;--container-widget-width:initial;--container-widget-height:100%;--container-widget-flex-grow:1;--container-widget-align-self:stretch;--flex-wrap-mobile:wrap;--justify-content:center;--gap:50px 50px;--row-gap:50px;--column-gap:50px;--padding-top:2%;--padding-bottom:0%;--padding-left:5%;--padding-right:5%;top:0px;}body:not(.rtl) .elementor-447 .elementor-element.elementor-element-2962d63{left:0px;}body.rtl .elementor-447 .elementor-element.elementor-element-2962d63{right:0px;}.elementor-447 .elementor-element.elementor-element-8ea6be0 .elementor-heading-title{font-family:\"PT Sans\", Sans-serif;font-size:23px;font-weight:600;color:#FFFFFF;}:root{--page-title-display:none;}@media(max-width:767px){.elementor-447 .elementor-element.elementor-element-edf9ce7 img{width:150px;}.elementor-447 .elementor-element.elementor-element-50e685b{--flex-direction:column;--container-widget-width:calc( ( 1 - var( --container-widget-flex-grow ) ) * 100% );--container-widget-height:initial;--container-widget-flex-grow:0;--container-widget-align-self:initial;--flex-wrap-mobile:wrap;--align-items:center;--gap:15px 15px;--row-gap:15px;--column-gap:15px;--padding-top:0px;--padding-bottom:15px;--padding-left:15px;--padding-right:015px;}.elementor-447 .elementor-element.elementor-element-f1b510a{width:100%;max-width:100%;}.elementor-447 .elementor-element.elementor-element-f1b510a .elementor-button .elementor-button-content-wrapper{justify-content:center;}.elementor-447 .elementor-element.elementor-element-16eafbe{width:100%;max-width:100%;}.elementor-447 .elementor-element.elementor-element-16eafbe .elementor-button .elementor-button-content-wrapper{justify-content:center;}.elementor-447 .elementor-element.elementor-element-2962d63{--flex-direction:column;--container-widget-width:calc( ( 1 - var( --container-widget-flex-grow ) ) * 100% );--container-widget-height:initial;--container-widget-flex-grow:0;--container-widget-align-self:initial;--flex-wrap-mobile:wrap;--align-items:center;--gap:15px 15px;--row-gap:15px;--column-gap:15px;--padding-top:15px;--padding-bottom:0px;--padding-left:15px;--padding-right:015px;}.elementor-447 .elementor-element.elementor-element-8ea6be0{text-align:center;}.elementor-447 .elementor-element.elementor-element-8ea6be0 .elementor-heading-title{font-size:18px;}}<\/style>\t\t<div data-elementor-type=\"wp-post\" data-elementor-id=\"447\" class=\"elementor elementor-447\" data-elementor-post-type=\"page\">\n\t\t\t\t<div class=\"elementor-element elementor-element-1660ad3 e-flex e-con-boxed e-con e-parent\" data-id=\"1660ad3\" data-element_type=\"container\" data-settings=\"{&quot;background_background&quot;:&quot;classic&quot;}\">\n\t\t\t\t\t<div class=\"e-con-inner\">\n\t\t\t\t<div class=\"elementor-element elementor-element-edf9ce7 animated-slow elementor-invisible elementor-widget elementor-widget-image\" data-id=\"edf9ce7\" data-element_type=\"widget\" data-settings=\"{&quot;_animation&quot;:&quot;fadeIn&quot;,&quot;_animation_delay&quot;:700}\" data-widget_type=\"image.default\">\n\t\t\t\t\t\t\t\t\t\t\t\t\t\t\t<img fetchpriority=\"high\" decoding=\"async\" width=\"719\" height=\"1024\" src=\"https:\/\/www.aeternum.life\/wp-content\/uploads\/2025\/11\/AETERNUM_LOGO_on_black-719x1024.png\" class=\"attachment-large size-large wp-image-450\" alt=\"\" srcset=\"https:\/\/www.aeternum.life\/wp-content\/uploads\/2025\/11\/AETERNUM_LOGO_on_black-719x1024.png 719w, https:\/\/www.aeternum.life\/wp-content\/uploads\/2025\/11\/AETERNUM_LOGO_on_black-211x300.png 211w, https:\/\/www.aeternum.life\/wp-content\/uploads\/2025\/11\/AETERNUM_LOGO_on_black-768x1094.png 768w, https:\/\/www.aeternum.life\/wp-content\/uploads\/2025\/11\/AETERNUM_LOGO_on_black.png 1000w\" sizes=\"(max-width: 719px) 100vw, 719px\" \/>\t\t\t\t\t\t\t\t\t\t\t\t\t\t\t<\/div>\n\t\t<div class=\"elementor-element elementor-element-50e685b e-con-full animated-slow e-flex elementor-invisible e-con e-child\" data-id=\"50e685b\" data-element_type=\"container\" data-settings=\"{&quot;position&quot;:&quot;absolute&quot;,&quot;animation&quot;:&quot;fadeInUp&quot;,&quot;animation_delay&quot;:1200}\">\n\t\t\t\t<div class=\"elementor-element elementor-element-f1b510a elementor-mobile-align-justify elementor-widget-mobile__width-inherit elementor-widget elementor-widget-button\" data-id=\"f1b510a\" data-element_type=\"widget\" data-widget_type=\"button.default\">\n\t\t\t\t\t\t\t\t\t\t<a class=\"elementor-button elementor-button-link elementor-size-sm elementor-animation-grow\" href=\"mailto:vladimir@aeternum.life\">\n\t\t\t\t\t\t<span class=\"elementor-button-content-wrapper\">\n\t\t\t\t\t\t\t\t\t<span class=\"elementor-button-text\">Projects:<br>vladimir@aeternum.life<\/span>\n\t\t\t\t\t<\/span>\n\t\t\t\t\t<\/a>\n\t\t\t\t\t\t\t\t<\/div>\n\t\t\t\t<div class=\"elementor-element elementor-element-16eafbe elementor-mobile-align-justify elementor-widget-mobile__width-inherit elementor-widget elementor-widget-button\" data-id=\"16eafbe\" data-element_type=\"widget\" data-widget_type=\"button.default\">\n\t\t\t\t\t\t\t\t\t\t<a class=\"elementor-button elementor-button-link elementor-size-sm elementor-animation-grow\" href=\"mailto:bara@aeternum.life\">\n\t\t\t\t\t\t<span class=\"elementor-button-content-wrapper\">\n\t\t\t\t\t\t\t\t\t<span class=\"elementor-button-text\">Communication and fundraising:<br>bara@aeternum.life<\/span>\n\t\t\t\t\t<\/span>\n\t\t\t\t\t<\/a>\n\t\t\t\t\t\t\t\t<\/div>\n\t\t\t\t<\/div>\n\t\t<div class=\"elementor-element elementor-element-2962d63 e-con-full e-flex e-con e-child\" data-id=\"2962d63\" data-element_type=\"container\" data-settings=\"{&quot;position&quot;:&quot;absolute&quot;}\">\n\t\t\t\t<div class=\"elementor-element elementor-element-8ea6be0 animated-slow elementor-invisible elementor-widget elementor-widget-heading\" data-id=\"8ea6be0\" data-element_type=\"widget\" data-settings=\"{&quot;_animation&quot;:&quot;fadeInDown&quot;,&quot;_animation_delay&quot;:1200}\" data-widget_type=\"heading.default\">\n\t\t\t\t\t<h2 class=\"elementor-heading-title elementor-size-default\">Aeternum.life creative hub - P\u016fda - Karl\u0161tejnsk\u00e1 259, \u010cerno\u0161ice, 25 228<\/h2>\t\t\t\t<\/div>\n\t\t\t\t<\/div>\n\t\t\t\t\t<\/div>\n\t\t\t\t<\/div>\n\t\t\t\t<\/div>\n\t\t","protected":false},"excerpt":{"rendered":"<p>Projects:vladimir@aeternum.life Communication and fundraising:bara@aeternum.life Aeternum.life creative hub &#8211; P\u016fda &#8211; Karl\u0161tejnsk\u00e1 259, \u010cerno\u0161ice, 25 228<\/p>\n","protected":false},"author":1,"featured_media":0,"parent":0,"menu_order":0,"comment_status":"closed","ping_status":"closed","template":"elementor_canvas","meta":{"footnotes":""},"class_list":["post-447","page","type-page","status-publish","hentry"],"_links":{"self":[{"href":"https:\/\/www.aeternum.life\/en\/wp-json\/wp\/v2\/pages\/447","targetHints":{"allow":["GET"]}}],"collection":[{"href":"https:\/\/www.aeternum.life\/en\/wp-json\/wp\/v2\/pages"}],"about":[{"href":"https:\/\/www.aeternum.life\/en\/wp-json\/wp\/v2\/types\/page"}],"author":[{"embeddable":true,"href":"https:\/\/www.aeternum.life\/en\/wp-json\/wp\/v2\/users\/1"}],"replies":[{"embeddable":true,"href":"https:\/\/www.aeternum.life\/en\/wp-json\/wp\/v2\/comments?post=447"}],"version-history":[{"count":1,"href":"https:\/\/www.aeternum.life\/en\/wp-json\/wp\/v2\/pages\/447\/revisions"}],"predecessor-version":[{"id":453,"href":"https:\/\/www.aeternum.life\/en\/wp-json\/wp\/v2\/pages\/447\/revisions\/453"}],"wp:attachment":[{"href":"https:\/\/www.aeternum.life\/en\/wp-json\/wp\/v2\/media?parent=447"}],"curies":[{"name":"wp","href":"https:\/\/api.w.org\/{rel}","templated":true}]}}